{"id":6,"date":"2016-04-15T17:54:57","date_gmt":"2016-04-15T17:54:57","guid":{"rendered":"http:\/\/noramar.es\/?page_id=6"},"modified":"2020-05-22T10:36:53","modified_gmt":"2020-05-22T10:36:53","slug":"hvem-er-vi","status":"publish","type":"page","link":"https:\/\/noramar.es\/no\/","title":{"rendered":"Hvem Er Vi"},"content":{"rendered":"<!-- START header REVOLUTION SLIDER 6.2.9 --><p class=\"rs-p-wp-fix\"><\/p>\n\t\t\t<rs-module-wrap id=\"rev_slider_1_1_wrapper\" data-source=\"gallery\" data-aimg=\"\"  style=\"background:#E9E9E9;padding:0;margin:0px auto;margin-top:0;margin-bottom:0;\">\n\t\t\t\t<rs-module id=\"rev_slider_1_1\" style=\"\" data-version=\"6.2.9\">\n\t\t\t\t\t<rs-slides>\n\t\t\t\t\t\t<rs-slide data-key=\"rs-13\" data-title=\"Slide\" data-anim=\"ei:d;eo:d;r:0;t:fade;sl:7;\">\n\t\t\t\t\t\t\t<img src=\"\/\/noramar.es\/wp-content\/uploads\/2016\/10\/webane1-1-1.png\" title=\"Hvem Er Vi\" class=\"rev-slidebg\" data-no-retina>\n<!---->\t\t\t\t\t\t<\/rs-slide>\n\t\t\t\t\t\t<rs-slide data-key=\"rs-14\" data-title=\"Slide\" data-anim=\"ei:d;eo:d;r:0;t:fade;sl:7;\">\n\t\t\t\t\t\t\t<img src=\"\/\/noramar.es\/wp-content\/uploads\/2016\/10\/webane2-1-1.png\" title=\"Hvem Er Vi\" class=\"rev-slidebg\" data-no-retina>\n<!---->\t\t\t\t\t\t<\/rs-slide>\n\t\t\t\t\t\t<rs-slide data-key=\"rs-15\" data-title=\"Slide\" data-anim=\"ei:d;eo:d;r:0;t:fade;sl:7;\">\n\t\t\t\t\t\t\t<img src=\"\/\/noramar.es\/wp-content\/uploads\/2016\/10\/webane3-1-1.png\" title=\"Hvem Er Vi\" class=\"rev-slidebg\" data-no-retina>\n<!---->\t\t\t\t\t\t<\/rs-slide>\n\t\t\t\t\t\t<rs-slide data-key=\"rs-16\" data-title=\"Slide\" data-anim=\"ei:d;eo:d;r:0;t:fade;sl:7;\">\n\t\t\t\t\t\t\t<img src=\"\/\/noramar.es\/wp-content\/uploads\/2016\/10\/webane4-1-1.png\" title=\"Hvem Er Vi\" class=\"rev-slidebg\" data-no-retina>\n<!---->\t\t\t\t\t\t<\/rs-slide>\n\t\t\t\t\t<\/rs-slides>\n\t\t\t\t<\/rs-module>\n\t\t\t\t<script type=\"text\/javascript\">\n\t\t\t\t\tsetREVStartSize({c: 'rev_slider_1_1',rl:[1240,1024,778,480],el:[],gw:[1920],gh:[600],type:'standard',justify:'',layout:'fullwidth',mh:\"0\"});\n\t\t\t\t\tvar\trevapi1,\n\t\t\t\t\t\ttpj;\n\t\t\t\t\tjQuery(function() {\n\t\t\t\t\t\ttpj = jQuery;\n\t\t\t\t\t\trevapi1 = tpj(\"#rev_slider_1_1\")\n\t\t\t\t\t\ttpj.noConflict();\n\t\t\t\t\t\tif(revapi1==undefined || revapi1.revolution == undefined){\n\t\t\t\t\t\t\trevslider_showDoubleJqueryError(\"rev_slider_1_1\");\n\t\t\t\t\t\t}else{\n\t\t\t\t\t\t\trevapi1.revolution({\n\t\t\t\t\t\t\t\tsliderLayout:\"fullwidth\",\n\t\t\t\t\t\t\t\tvisibilityLevels:\"1240,1024,778,480\",\n\t\t\t\t\t\t\t\tgridwidth:1920,\n\t\t\t\t\t\t\t\tgridheight:600,\n\t\t\t\t\t\t\t\tspinner:\"spinner4\",\n\t\t\t\t\t\t\t\tperspectiveType:\"local\",\n\t\t\t\t\t\t\t\tresponsiveLevels:\"1240,1024,778,480\",\n\t\t\t\t\t\t\t\tshadow:3,\n\t\t\t\t\t\t\t\tprogressBar: {\n\t\t\t\t\t\t\t\t\tcolor:\"#FFFFFF\",\n\t\t\t\t\t\t\t\t\tvertical:\"top\",\n\t\t\t\t\t\t\t\t\tsize:5\n\t\t\t\t\t\t\t\t},\n\t\t\t\t\t\t\t\tnavigation: {\n\t\t\t\t\t\t\t\t\tmouseScrollNavigation:false,\n\t\t\t\t\t\t\t\t\tonHoverStop:false,\n\t\t\t\t\t\t\t\t\ttouch: {\n\t\t\t\t\t\t\t\t\t\ttouchenabled:true,\n\t\t\t\t\t\t\t\t\t\tswipe_threshold:0\n\t\t\t\t\t\t\t\t\t}\n\t\t\t\t\t\t\t\t},\n\t\t\t\t\t\t\t\tfallbacks: {\n\t\t\t\t\t\t\t\t\tsimplifyAll:\"\",\n\t\t\t\t\t\t\t\t\tignoreHeightChanges:\"\",\n\t\t\t\t\t\t\t\t\tallowHTML5AutoPlayOnAndroid:true\n\t\t\t\t\t\t\t\t},\n\t\t\t\t\t\t\t});\n\t\t\t\t\t\t}\n\t\t\t\t\t\t\n\t\t\t\t\t});\n\t\t\t\t<\/script>\n\t\t\t\t<script>\n\t\t\t\t\tvar htmlDivCss = '\t#rev_slider_1_1_wrapper rs-loader.spinner4 div { background-color: #FFFFFF !important; } ';\n\t\t\t\t\tvar htmlDiv = document.getElementById('rs-plugin-settings-inline-css');\n\t\t\t\t\tif(htmlDiv) {\n\t\t\t\t\t\thtmlDiv.innerHTML = htmlDiv.innerHTML + htmlDivCss;\n\t\t\t\t\t}else{\n\t\t\t\t\t\tvar htmlDiv = document.createElement('div');\n\t\t\t\t\t\thtmlDiv.innerHTML = '<style>' + htmlDivCss + '<\/style>';\n\t\t\t\t\t\tdocument.getElementsByTagName('head')[0].appendChild(htmlDiv.childNodes[0]);\n\t\t\t\t\t}\n\t\t\t\t<\/script>\n\t\t\t<\/rs-module-wrap>\n\t\t\t<!-- END REVOLUTION SLIDER -->\n\n<p><\/p>\n<h4>HVEM ER VI<\/h4>\n<p>V\u00e5r erfaring fra mer enn 10 \u00e5rs virksomhet, er blitt bel\u00f8nnet med en h\u00f8y grad av lojalitet fra v\u00e5re kunder, som benytter seg at v\u00e5re tjenester basert p\u00e5 personlig kontakt og r\u00e5dgivning .Vi er et team av kompetente medarbeidere med juridisk, administrativ og \u00f8konomisk utdannelse.<\/p>\n<p>Vi \u00f8nsker at v\u00e5re kunder skal f\u00f8le seg trygge og &#8220;viktige&#8221;. Vi tilbyr en stor variasjon av tenester, og til sv\u00e6rt komkurransedyktige priser.<\/p>\n<p>All informasjon som vi mottar fra v\u00e5re kunder blir behandlet med absolutt taushetsplikt.<br \/>\n<\/p>","protected":false},"excerpt":{"rendered":"<p>HVEM ER VI V\u00e5r erfaring fra mer enn 10 \u00e5rs virksomhet, er blitt bel\u00f8nnet med en h\u00f8y grad av lojalitet fra v\u00e5re kunder, som benytter seg at v\u00e5re tjenester basert p\u00e5 personlig kontakt og r\u00e5dgivning .Vi er et team av kompetente medarbeidere med juridisk, administrativ og \u00f8konomisk utdannelse. Vi \u00f8nsker at v\u00e5re kunder skal f\u00f8le <a class=\"more-link\" href=\"https:\/\/noramar.es\/no\/\">Continue reading <i class=\"fa fa-chevron-right\"><\/i><\/a><\/p>\n","protected":false},"author":1,"featured_media":0,"parent":0,"menu_order":0,"comment_status":"closed","ping_status":"closed","template":"","meta":[],"_links":{"self":[{"href":"https:\/\/noramar.es\/no\/wp-json\/wp\/v2\/pages\/6"}],"collection":[{"href":"https:\/\/noramar.es\/no\/wp-json\/wp\/v2\/pages"}],"about":[{"href":"https:\/\/noramar.es\/no\/wp-json\/wp\/v2\/types\/page"}],"author":[{"embeddable":true,"href":"https:\/\/noramar.es\/no\/wp-json\/wp\/v2\/users\/1"}],"replies":[{"embeddable":true,"href":"https:\/\/noramar.es\/no\/wp-json\/wp\/v2\/comments?post=6"}],"version-history":[{"count":28,"href":"https:\/\/noramar.es\/no\/wp-json\/wp\/v2\/pages\/6\/revisions"}],"predecessor-version":[{"id":275,"href":"https:\/\/noramar.es\/no\/wp-json\/wp\/v2\/pages\/6\/revisions\/275"}],"wp:attachment":[{"href":"https:\/\/noramar.es\/no\/wp-json\/wp\/v2\/media?parent=6"}],"curies":[{"name":"wp","href":"https:\/\/api.w.org\/{rel}","templated":true}]}}