{"id":12,"date":"2016-04-15T17:58:36","date_gmt":"2016-04-15T17:58:36","guid":{"rendered":"http:\/\/noramar.es\/?page_id=12"},"modified":"2020-05-22T10:52:38","modified_gmt":"2020-05-22T10:52:38","slug":"contacte-con-nosotros","status":"publish","type":"page","link":"https:\/\/noramar.es\/es\/contacte-con-nosotros\/","title":{"rendered":"Contacte con Nosotros"},"content":{"rendered":"<p><strong>Oficina abierta a los clientes<\/strong><br \/>\nde lunes a viernes de <strong>10:00-13:30<\/strong> y <strong>16:30-19:00<\/strong><\/p>\n<p><iframe loading=\"lazy\" style=\"border: 0;\" src=\"https:\/\/www.google.com\/maps\/embed?pb=!1m18!1m12!1m3!1d783.5888756911746!2d-0.5211324707504288!3d38.22485725228654!2m3!1f0!2f0!3f0!3m2!1i1024!2i768!4f13.1!3m3!1m2!1s0xd624ea5634ce727%3A0xe793b97bfb10cd50!2sNoramar!5e0!3m2!1ses!2ses!4v1557766179729!5m2!1ses!2ses\" width=\"750\" height=\"550\" frameborder=\"0\" allowfullscreen=\"allowfullscreen\"><\/iframe><\/p>\n<p><strong>Direcci\u00f3n:<\/strong><br \/>\nAvenida Escandinavia 72, Local 8, alto.<br \/>\n03130. Gran Alacant. Santa Pola.<br \/>\nTel\u00e9fono: <strong>+34966699214<\/strong><br \/>\nM\u00f3vil: +34609218254<br \/>\nEmail: <strong>info@noramar.es<\/strong><\/p>\n<p><div role=\"form\" class=\"wpcf7\" id=\"wpcf7-f69-o3\" lang=\"es-ES\" dir=\"ltr\">\n<div class=\"screen-reader-response\" aria-live=\"polite\"><\/div>\n<form action=\"\/es\/wp-json\/wp\/v2\/pages\/12#wpcf7-f69-o3\" method=\"post\" class=\"wpcf7-form\" novalidate=\"novalidate\">\n<div style=\"display: none;\">\n<input type=\"hidden\" name=\"_wpcf7\" value=\"69\" \/>\n<input type=\"hidden\" name=\"_wpcf7_version\" value=\"5.1.9\" \/>\n<input type=\"hidden\" name=\"_wpcf7_locale\" value=\"es_ES\" \/>\n<input type=\"hidden\" name=\"_wpcf7_unit_tag\" value=\"wpcf7-f69-o3\" \/>\n<input type=\"hidden\" name=\"_wpcf7_container_post\" value=\"0\" \/>\n<\/div>\n<p>Your name (required)<br \/>\n    <span class=\"wpcf7-form-control-wrap your-name\"><input type=\"text\" name=\"your-name\" value=\"\" size=\"40\" class=\"wpcf7-form-control wpcf7-text wpcf7-validates-as-required\" aria-required=\"true\" aria-invalid=\"false\" \/><\/span> <\/p>\n<p>Email (required)<br \/>\n    <span class=\"wpcf7-form-control-wrap your-email\"><input type=\"email\" name=\"your-email\" value=\"\" size=\"40\" class=\"wpcf7-form-control wpcf7-text wpcf7-email wpcf7-validates-as-required wpcf7-validates-as-email\" aria-required=\"true\" aria-invalid=\"false\" \/><\/span> <\/p>\n<p>Subject<br \/>\n    <span class=\"wpcf7-form-control-wrap your-subject\"><input type=\"text\" name=\"your-subject\" value=\"\" size=\"40\" class=\"wpcf7-form-control wpcf7-text\" aria-invalid=\"false\" \/><\/span> <\/p>\n<p>Message<br \/>\n    <span class=\"wpcf7-form-control-wrap your-message\"><textarea name=\"your-message\" cols=\"40\" rows=\"10\" class=\"wpcf7-form-control wpcf7-textarea\" aria-invalid=\"false\"><\/textarea><\/span> <\/p>\n<p>Security reCAPTCHA<br \/>\n    <div id=\"cf7sr-69d05fdea13dc\" class=\"cf7sr-g-recaptcha\" data-sitekey=\"6LcI6PoUAAAAAMuO7H_9wFMUFjROs_Gw0u_5fP8T\"><\/div><span class=\"wpcf7-form-control-wrap cf7sr-recaptcha\"><input type=\"hidden\" name=\"cf7sr-recaptcha\" value=\"\" class=\"wpcf7-form-control\"><\/span><\/p>\n<p><input type=\"submit\" value=\"Send\" class=\"wpcf7-form-control wpcf7-submit\" \/><\/p>\n<div class=\"wpcf7-response-output wpcf7-display-none\" aria-hidden=\"true\"><\/div><\/form><\/div><\/p>","protected":false},"excerpt":{"rendered":"<p>Oficina abierta a los clientes de lunes a viernes de 10:00-13:30 y 16:30-19:00 Direcci\u00f3n: Avenida Escandinavia 72, Local 8, alto. 03130. Gran Alacant. Santa Pola. Tel\u00e9fono: +34966699214 M\u00f3vil: +34609218254 Email: info@noramar.es<\/p>\n","protected":false},"author":1,"featured_media":0,"parent":0,"menu_order":0,"comment_status":"closed","ping_status":"closed","template":"","meta":[],"_links":{"self":[{"href":"https:\/\/noramar.es\/es\/wp-json\/wp\/v2\/pages\/12"}],"collection":[{"href":"https:\/\/noramar.es\/es\/wp-json\/wp\/v2\/pages"}],"about":[{"href":"https:\/\/noramar.es\/es\/wp-json\/wp\/v2\/types\/page"}],"author":[{"embeddable":true,"href":"https:\/\/noramar.es\/es\/wp-json\/wp\/v2\/users\/1"}],"replies":[{"embeddable":true,"href":"https:\/\/noramar.es\/es\/wp-json\/wp\/v2\/comments?post=12"}],"version-history":[{"count":37,"href":"https:\/\/noramar.es\/es\/wp-json\/wp\/v2\/pages\/12\/revisions"}],"predecessor-version":[{"id":277,"href":"https:\/\/noramar.es\/es\/wp-json\/wp\/v2\/pages\/12\/revisions\/277"}],"wp:attachment":[{"href":"https:\/\/noramar.es\/es\/wp-json\/wp\/v2\/media?parent=12"}],"curies":[{"name":"wp","href":"https:\/\/api.w.org\/{rel}","templated":true}]}}